{"id":267,"date":"2024-05-06T01:28:06","date_gmt":"2024-05-05T23:28:06","guid":{"rendered":"https:\/\/www.myhomephone.fr\/?page_id=267"},"modified":"2025-11-04T10:16:10","modified_gmt":"2025-11-04T09:16:10","slug":"samsung","status":"publish","type":"page","link":"https:\/\/www.myhomephone.fr\/?page_id=267","title":{"rendered":"SAMSUNG"},"content":{"rendered":"\n<div class=\"wp-block-columns is-layout-flex wp-container-core-columns-is-layout-28f84493 wp-block-columns-is-layout-flex\">\n<div class=\"wp-block-column is-layout-flow wp-block-column-is-layout-flow\"><\/div>\n<\/div>\n\n\n\n<div class=\"wp-block-columns is-layout-flex wp-container-core-columns-is-layout-28f84493 wp-block-columns-is-layout-flex\">\n<div class=\"wp-block-column is-layout-flow wp-block-column-is-layout-flow\">\n<p class=\"has-text-align-center has-regular-font-size\"><strong>R\u00e9parations t\u00e9l\u00e9phone Samsung \u2013 My Home Phone<\/strong><\/p>\n\n\n\n<div style=\"height:49px\" aria-hidden=\"true\" class=\"wp-block-spacer\"><\/div>\n<\/div>\n<\/div>\n\n\n\n<figure class=\"wp-block-table is-style-stripes\"><table class=\"has-fixed-layout\"><tbody><tr><td class=\"has-text-align-center\" data-align=\"center\"><strong><mark style=\"background-color:rgba(0, 0, 0, 0)\" class=\"has-inline-color has-heading-color\">MODEL<\/mark><\/strong><\/td><td class=\"has-text-align-center\" data-align=\"center\"><strong><mark style=\"background-color:rgba(0, 0, 0, 0)\" class=\"has-inline-color has-heading-color\">ECRAN<\/mark><\/strong><\/td><td class=\"has-text-align-center\" data-align=\"center\"><strong><mark style=\"background-color:rgba(0, 0, 0, 0)\" class=\"has-inline-color has-heading-color\">BATTERIE<\/mark><\/strong><\/td><td class=\"has-text-align-center\" data-align=\"center\"><strong><mark style=\"background-color:rgba(0, 0, 0, 0)\" class=\"has-inline-color has-heading-color\">VITRE ARRIERE<\/mark><\/strong><\/td><\/tr><tr><td class=\"has-text-align-center\" data-align=\"center\"><strong>A02S<\/strong><\/td><td class=\"has-text-align-center\" data-align=\"center\"><strong>60<\/strong><\/td><td class=\"has-text-align-center\" data-align=\"center\"><strong>50<\/strong><\/td><td class=\"has-text-align-center\" data-align=\"center\"><strong>45<\/strong><\/td><\/tr><tr><td class=\"has-text-align-center\" data-align=\"center\"><strong>A03S<\/strong><strong><\/strong><\/td><td class=\"has-text-align-center\" data-align=\"center\"><strong>60<\/strong><strong><\/strong><\/td><td class=\"has-text-align-center\" data-align=\"center\"><strong>50<\/strong><strong><\/strong><\/td><td class=\"has-text-align-center\" data-align=\"center\"><strong>45<\/strong><strong><\/strong><\/td><\/tr><tr><td class=\"has-text-align-center\" data-align=\"center\"><strong>A04S<\/strong><\/td><td class=\"has-text-align-center\" data-align=\"center\"><strong>60<\/strong><\/td><td class=\"has-text-align-center\" data-align=\"center\"><strong>50<\/strong><\/td><td class=\"has-text-align-center\" data-align=\"center\"><strong>45<\/strong><\/td><\/tr><tr><td class=\"has-text-align-center\" data-align=\"center\"><strong>A05S<\/strong><strong><\/strong><\/td><td class=\"has-text-align-center\" data-align=\"center\"><strong>60<\/strong><strong><\/strong><\/td><td class=\"has-text-align-center\" data-align=\"center\"><strong>50<\/strong><strong><\/strong><\/td><td class=\"has-text-align-center\" data-align=\"center\"><strong>45<\/strong><strong><\/strong><\/td><\/tr><tr><td class=\"has-text-align-center\" data-align=\"center\"><strong>A06<\/strong><\/td><td class=\"has-text-align-center\" data-align=\"center\"><strong>60<\/strong><\/td><td class=\"has-text-align-center\" data-align=\"center\"><strong>50<\/strong><\/td><td class=\"has-text-align-center\" data-align=\"center\"><strong>45<\/strong><\/td><\/tr><tr><td class=\"has-text-align-center\" data-align=\"center\"><strong>A12 \/ A12S<\/strong><strong><\/strong><\/td><td class=\"has-text-align-center\" data-align=\"center\"><strong>60<\/strong><strong><\/strong><\/td><td class=\"has-text-align-center\" data-align=\"center\"><strong>50<\/strong><strong><\/strong><\/td><td class=\"has-text-align-center\" data-align=\"center\"><strong>45<\/strong><strong><\/strong><\/td><\/tr><tr><td class=\"has-text-align-center\" data-align=\"center\"><strong>A13<\/strong><\/td><td class=\"has-text-align-center\" data-align=\"center\"><strong>60<\/strong><\/td><td class=\"has-text-align-center\" data-align=\"center\"><strong>55<\/strong><\/td><td class=\"has-text-align-center\" data-align=\"center\"><strong>45<\/strong><\/td><\/tr><tr><td class=\"has-text-align-center\" data-align=\"center\"><strong>A14<\/strong><strong><\/strong><\/td><td class=\"has-text-align-center\" data-align=\"center\"><strong>60<\/strong><strong><\/strong><\/td><td class=\"has-text-align-center\" data-align=\"center\"><strong>55<\/strong><strong><\/strong><\/td><td class=\"has-text-align-center\" data-align=\"center\"><strong>45<\/strong><strong><\/strong><\/td><\/tr><tr><td class=\"has-text-align-center\" data-align=\"center\"><strong>A15<\/strong><\/td><td class=\"has-text-align-center\" data-align=\"center\"><strong>80<\/strong><\/td><td class=\"has-text-align-center\" data-align=\"center\"><strong>55<\/strong><\/td><td class=\"has-text-align-center\" data-align=\"center\"><strong>45<\/strong><\/td><\/tr><tr><td class=\"has-text-align-center\" data-align=\"center\"><strong>A16<\/strong><strong><\/strong><\/td><td class=\"has-text-align-center\" data-align=\"center\"><strong>90<\/strong><strong><\/strong><\/td><td class=\"has-text-align-center\" data-align=\"center\"><strong>55<\/strong><strong><\/strong><\/td><td class=\"has-text-align-center\" data-align=\"center\"><strong>45<\/strong><strong><\/strong><\/td><\/tr><tr><td class=\"has-text-align-center\" data-align=\"center\"><strong>A22<\/strong><\/td><td class=\"has-text-align-center\" data-align=\"center\"><strong>85<\/strong><\/td><td class=\"has-text-align-center\" data-align=\"center\"><strong>55<\/strong><\/td><td class=\"has-text-align-center\" data-align=\"center\"><strong>45<\/strong><\/td><\/tr><tr><td class=\"has-text-align-center\" data-align=\"center\"><strong>A23<\/strong><strong><\/strong><\/td><td class=\"has-text-align-center\" data-align=\"center\"><strong>80<\/strong><strong><\/strong><\/td><td class=\"has-text-align-center\" data-align=\"center\"><strong>55<\/strong><strong><\/strong><\/td><td class=\"has-text-align-center\" data-align=\"center\"><strong>45<\/strong><strong><\/strong><\/td><\/tr><tr><td class=\"has-text-align-center\" data-align=\"center\"><strong>A24<\/strong><\/td><td class=\"has-text-align-center\" data-align=\"center\"><strong>110<\/strong><\/td><td class=\"has-text-align-center\" data-align=\"center\"><strong>55<\/strong><\/td><td class=\"has-text-align-center\" data-align=\"center\"><strong>45<\/strong><\/td><\/tr><tr><td class=\"has-text-align-center\" data-align=\"center\"><strong>A25<\/strong><strong><\/strong><\/td><td class=\"has-text-align-center\" data-align=\"center\"><strong>100<\/strong><strong><\/strong><\/td><td class=\"has-text-align-center\" data-align=\"center\"><strong>55<\/strong><strong><\/strong><\/td><td class=\"has-text-align-center\" data-align=\"center\"><strong>45<\/strong><strong><\/strong><\/td><\/tr><tr><td class=\"has-text-align-center\" data-align=\"center\"><strong>A26<\/strong><\/td><td class=\"has-text-align-center\" data-align=\"center\"><strong>100<\/strong><\/td><td class=\"has-text-align-center\" data-align=\"center\"><strong>55<\/strong><\/td><td class=\"has-text-align-center\" data-align=\"center\"><strong>45<\/strong><\/td><\/tr><tr><td class=\"has-text-align-center\" data-align=\"center\"><strong>A32<\/strong><strong><\/strong><\/td><td class=\"has-text-align-center\" data-align=\"center\"><strong>90<\/strong><strong><\/strong><\/td><td class=\"has-text-align-center\" data-align=\"center\"><strong>60<\/strong><strong><\/strong><\/td><td class=\"has-text-align-center\" data-align=\"center\"><strong>45<\/strong><strong><\/strong><\/td><\/tr><tr><td class=\"has-text-align-center\" data-align=\"center\"><strong>A33<\/strong><\/td><td class=\"has-text-align-center\" data-align=\"center\"><strong>110<\/strong><\/td><td class=\"has-text-align-center\" data-align=\"center\"><strong>60<\/strong><\/td><td class=\"has-text-align-center\" data-align=\"center\"><strong>45<\/strong><\/td><\/tr><tr><td class=\"has-text-align-center\" data-align=\"center\"><strong>A34<\/strong><strong><\/strong><\/td><td class=\"has-text-align-center\" data-align=\"center\"><strong>125<\/strong><strong><\/strong><\/td><td class=\"has-text-align-center\" data-align=\"center\"><strong>60<\/strong><strong><\/strong><\/td><td class=\"has-text-align-center\" data-align=\"center\"><strong>45<\/strong><strong><\/strong><\/td><\/tr><tr><td class=\"has-text-align-center\" data-align=\"center\"><strong>A35<\/strong><\/td><td class=\"has-text-align-center\" data-align=\"center\"><strong>125<\/strong><\/td><td class=\"has-text-align-center\" data-align=\"center\"><strong>60<\/strong><\/td><td class=\"has-text-align-center\" data-align=\"center\"><strong>45<\/strong><\/td><\/tr><tr><td class=\"has-text-align-center\" data-align=\"center\"><strong>A36<\/strong><strong><\/strong><\/td><td class=\"has-text-align-center\" data-align=\"center\"><strong>140<\/strong><strong><\/strong><\/td><td class=\"has-text-align-center\" data-align=\"center\"><strong>60<\/strong><strong><\/strong><\/td><td class=\"has-text-align-center\" data-align=\"center\"><strong>45<\/strong><strong><\/strong><\/td><\/tr><tr><td class=\"has-text-align-center\" data-align=\"center\"><strong>A52<\/strong><\/td><td class=\"has-text-align-center\" data-align=\"center\"><strong>140<\/strong><\/td><td class=\"has-text-align-center\" data-align=\"center\"><strong>60<\/strong><\/td><td class=\"has-text-align-center\" data-align=\"center\"><strong>45<\/strong><\/td><\/tr><tr><td class=\"has-text-align-center\" data-align=\"center\"><strong>A53<\/strong><strong><\/strong><\/td><td class=\"has-text-align-center\" data-align=\"center\"><strong>130<\/strong><strong><\/strong><\/td><td class=\"has-text-align-center\" data-align=\"center\"><strong>60<\/strong><strong><\/strong><\/td><td class=\"has-text-align-center\" data-align=\"center\"><strong>45<\/strong><strong><\/strong><\/td><\/tr><tr><td class=\"has-text-align-center\" data-align=\"center\"><strong>A54<\/strong><\/td><td class=\"has-text-align-center\" data-align=\"center\"><strong>135<\/strong><\/td><td class=\"has-text-align-center\" data-align=\"center\"><strong>60<\/strong><\/td><td class=\"has-text-align-center\" data-align=\"center\"><strong>45<\/strong><\/td><\/tr><tr><td class=\"has-text-align-center\" data-align=\"center\"><strong>A55<\/strong><strong><\/strong><\/td><td class=\"has-text-align-center\" data-align=\"center\"><strong>140<\/strong><strong><\/strong><\/td><td class=\"has-text-align-center\" data-align=\"center\"><strong>60<\/strong><strong><\/strong><\/td><td class=\"has-text-align-center\" data-align=\"center\"><strong>45<\/strong><strong><\/strong><\/td><\/tr><tr><td class=\"has-text-align-center\" data-align=\"center\"><strong>A56<\/strong><\/td><td class=\"has-text-align-center\" data-align=\"center\"><strong>145<\/strong><\/td><td class=\"has-text-align-center\" data-align=\"center\"><strong>60<\/strong><\/td><td class=\"has-text-align-center\" data-align=\"center\"><strong>45<\/strong><\/td><\/tr><tr><td class=\"has-text-align-center\" data-align=\"center\"><strong>S22<\/strong><strong><\/strong><\/td><td class=\"has-text-align-center\" data-align=\"center\"><strong>210<\/strong><strong><\/strong><\/td><td class=\"has-text-align-center\" data-align=\"center\"><strong>60<\/strong><strong><\/strong><\/td><td class=\"has-text-align-center\" data-align=\"center\"><strong>60<\/strong><strong><\/strong><\/td><\/tr><tr><td class=\"has-text-align-center\" data-align=\"center\"><strong>S22 PLUS<\/strong><\/td><td class=\"has-text-align-center\" data-align=\"center\"><strong>210<\/strong><\/td><td class=\"has-text-align-center\" data-align=\"center\"><strong>60<\/strong><\/td><td class=\"has-text-align-center\" data-align=\"center\"><strong>60<\/strong><\/td><\/tr><tr><td class=\"has-text-align-center\" data-align=\"center\"><strong>S22 ULTRA<\/strong><strong><\/strong><\/td><td class=\"has-text-align-center\" data-align=\"center\"><strong>300<\/strong><strong><\/strong><\/td><td class=\"has-text-align-center\" data-align=\"center\"><strong>60<\/strong><strong><\/strong><\/td><td class=\"has-text-align-center\" data-align=\"center\"><strong>60<\/strong><strong><\/strong><\/td><\/tr><tr><td class=\"has-text-align-center\" data-align=\"center\"><strong>S23<\/strong><\/td><td class=\"has-text-align-center\" data-align=\"center\"><strong>200<\/strong><\/td><td class=\"has-text-align-center\" data-align=\"center\"><strong>60<\/strong><\/td><td class=\"has-text-align-center\" data-align=\"center\"><strong>60<\/strong><\/td><\/tr><tr><td class=\"has-text-align-center\" data-align=\"center\"><strong>S23 FE<\/strong><strong><\/strong><\/td><td class=\"has-text-align-center\" data-align=\"center\"><strong>150<\/strong><strong><\/strong><\/td><td class=\"has-text-align-center\" data-align=\"center\"><strong>60<\/strong><strong><\/strong><\/td><td class=\"has-text-align-center\" data-align=\"center\"><strong>60<\/strong><strong><\/strong><\/td><\/tr><tr><td class=\"has-text-align-center\" data-align=\"center\"><strong>S23 PLUS<\/strong><\/td><td class=\"has-text-align-center\" data-align=\"center\"><strong>200<\/strong><\/td><td class=\"has-text-align-center\" data-align=\"center\"><strong>60<\/strong><\/td><td class=\"has-text-align-center\" data-align=\"center\"><strong>60<\/strong><\/td><\/tr><tr><td class=\"has-text-align-center\" data-align=\"center\"><strong>S23 ULTRA<\/strong><strong><\/strong><\/td><td class=\"has-text-align-center\" data-align=\"center\"><strong>330<\/strong><strong><\/strong><\/td><td class=\"has-text-align-center\" data-align=\"center\"><strong>60<\/strong><strong><\/strong><\/td><td class=\"has-text-align-center\" data-align=\"center\"><strong>60<\/strong><strong><\/strong><\/td><\/tr><tr><td class=\"has-text-align-center\" data-align=\"center\"><strong>S24<\/strong><\/td><td class=\"has-text-align-center\" data-align=\"center\"><strong>180<\/strong><\/td><td class=\"has-text-align-center\" data-align=\"center\"><strong>60<\/strong><\/td><td class=\"has-text-align-center\" data-align=\"center\"><strong>60<\/strong><\/td><\/tr><tr><td class=\"has-text-align-center\" data-align=\"center\"><strong>S24 FE<\/strong><strong><\/strong><\/td><td class=\"has-text-align-center\" data-align=\"center\"><strong>150<\/strong><strong><\/strong><\/td><td class=\"has-text-align-center\" data-align=\"center\"><strong>60<\/strong><strong><\/strong><\/td><td class=\"has-text-align-center\" data-align=\"center\"><strong>60<\/strong><strong><\/strong><\/td><\/tr><tr><td class=\"has-text-align-center\" data-align=\"center\"><strong>S24 PLUS<\/strong><\/td><td class=\"has-text-align-center\" data-align=\"center\"><strong>225<\/strong><\/td><td class=\"has-text-align-center\" data-align=\"center\"><strong>60<\/strong><\/td><td class=\"has-text-align-center\" data-align=\"center\"><strong>60<\/strong><\/td><\/tr><tr><td class=\"has-text-align-center\" data-align=\"center\"><strong>S24 ULTRA<\/strong><strong><\/strong><\/td><td class=\"has-text-align-center\" data-align=\"center\"><strong>300<\/strong><strong><\/strong><\/td><td class=\"has-text-align-center\" data-align=\"center\"><strong>60<\/strong><strong><\/strong><\/td><td class=\"has-text-align-center\" data-align=\"center\"><strong>60<\/strong><strong><\/strong><\/td><\/tr><tr><td class=\"has-text-align-center\" data-align=\"center\"><strong>S25<\/strong><\/td><td class=\"has-text-align-center\" data-align=\"center\"><strong>DEVIS<\/strong><\/td><td class=\"has-text-align-center\" data-align=\"center\"><strong>60<\/strong><\/td><td class=\"has-text-align-center\" data-align=\"center\"><strong>60<\/strong><\/td><\/tr><tr><td class=\"has-text-align-center\" data-align=\"center\"><strong>S25 FE<\/strong><strong><\/strong><\/td><td class=\"has-text-align-center\" data-align=\"center\"><strong>DEVIS<\/strong><strong><\/strong><\/td><td class=\"has-text-align-center\" data-align=\"center\"><strong>60<\/strong><strong><\/strong><\/td><td class=\"has-text-align-center\" data-align=\"center\"><strong>60<\/strong><strong><\/strong><\/td><\/tr><tr><td class=\"has-text-align-center\" data-align=\"center\"><strong>S25 EDGE<\/strong><\/td><td class=\"has-text-align-center\" data-align=\"center\"><strong>320<\/strong><\/td><td class=\"has-text-align-center\" data-align=\"center\"><strong>60<\/strong><\/td><td class=\"has-text-align-center\" data-align=\"center\"><strong>60<\/strong><\/td><\/tr><tr><td class=\"has-text-align-center\" data-align=\"center\"><strong>S25 PLUS<\/strong><strong><\/strong><\/td><td class=\"has-text-align-center\" data-align=\"center\"><strong>300<\/strong><strong><\/strong><\/td><td class=\"has-text-align-center\" data-align=\"center\"><strong>60<\/strong><strong><\/strong><\/td><td class=\"has-text-align-center\" data-align=\"center\"><strong>60<\/strong><strong><\/strong><\/td><\/tr><tr><td class=\"has-text-align-center\" data-align=\"center\"><strong>S25 ULTRA<\/strong><\/td><td class=\"has-text-align-center\" data-align=\"center\"><strong>280<\/strong><\/td><td class=\"has-text-align-center\" data-align=\"center\"><strong>60<\/strong><\/td><td class=\"has-text-align-center\" data-align=\"center\"><strong>60<\/strong><\/td><\/tr><\/tbody><\/table><\/figure>\n\n\n\n<div style=\"height:39px\" aria-hidden=\"true\" class=\"wp-block-spacer\"><\/div>\n\n\n\n<p class=\"has-text-align-center\"><strong>*Ecran, Batterie, vitre arri\u00e8re type origine Samsung Service pack.<\/strong><\/p>\n\n\n\n<p class=\"has-text-align-center\"><strong>*Tarif en \u20ac incluant le bonus de r\u00e9paration de &#8211; 25\u20ac avec label Qualir\u00e9par.<\/strong><\/p>\n\n\n\n<p><\/p>\n","protected":false},"excerpt":{"rendered":"<p>R\u00e9parations t\u00e9l\u00e9phone Samsung \u2013 My Home Phone MODEL ECRAN BATTERIE VITRE ARRIERE A02S 60 50 45 A03S 60 50 45 A04S 60 50 45 A05S 60 50 45 A06 60 50 45 A12 \/ A12S 60 50 45 A13 60 55 45 A14 60 55 45 A15 80 55 45 A16 90 55 45 A22 [&hellip;]<\/p>\n","protected":false},"author":1,"featured_media":0,"parent":0,"menu_order":0,"comment_status":"closed","ping_status":"closed","template":"","meta":{"footnotes":""},"class_list":["post-267","page","type-page","status-publish","hentry"],"_links":{"self":[{"href":"https:\/\/www.myhomephone.fr\/index.php?rest_route=\/wp\/v2\/pages\/267","targetHints":{"allow":["GET"]}}],"collection":[{"href":"https:\/\/www.myhomephone.fr\/index.php?rest_route=\/wp\/v2\/pages"}],"about":[{"href":"https:\/\/www.myhomephone.fr\/index.php?rest_route=\/wp\/v2\/types\/page"}],"author":[{"embeddable":true,"href":"https:\/\/www.myhomephone.fr\/index.php?rest_route=\/wp\/v2\/users\/1"}],"replies":[{"embeddable":true,"href":"https:\/\/www.myhomephone.fr\/index.php?rest_route=%2Fwp%2Fv2%2Fcomments&post=267"}],"version-history":[{"count":24,"href":"https:\/\/www.myhomephone.fr\/index.php?rest_route=\/wp\/v2\/pages\/267\/revisions"}],"predecessor-version":[{"id":834,"href":"https:\/\/www.myhomephone.fr\/index.php?rest_route=\/wp\/v2\/pages\/267\/revisions\/834"}],"wp:attachment":[{"href":"https:\/\/www.myhomephone.fr\/index.php?rest_route=%2Fwp%2Fv2%2Fmedia&parent=267"}],"curies":[{"name":"wp","href":"https:\/\/api.w.org\/{rel}","templated":true}]}}