{"id":194,"date":"2024-05-04T06:51:58","date_gmt":"2024-05-04T04:51:58","guid":{"rendered":"https:\/\/www.myhomephone.fr\/?page_id=194"},"modified":"2025-09-26T17:30:15","modified_gmt":"2025-09-26T15:30:15","slug":"reparation-telephone-tablette-et-ordinateur-portable","status":"publish","type":"page","link":"https:\/\/www.myhomephone.fr\/?page_id=194","title":{"rendered":"R\u00c9PARATION T\u00c9L\u00c9PHONES, TABLETTES, ORDINATEURS, PETIT ELECTROMENAGER ET CONSOLES"},"content":{"rendered":"\n<p class=\"has-text-align-center\"><\/p>\n\n\n\n<figure class=\"wp-block-image size-full is-resized\"><img loading=\"lazy\" decoding=\"async\" width=\"2560\" height=\"1088\" src=\"https:\/\/www.myhomephone.fr\/wp-content\/uploads\/2025\/06\/Vide-scaled.png\" alt=\"\" class=\"wp-image-665\" style=\"width:160px\" srcset=\"https:\/\/www.myhomephone.fr\/wp-content\/uploads\/2025\/06\/Vide-scaled.png 2560w, https:\/\/www.myhomephone.fr\/wp-content\/uploads\/2025\/06\/Vide-300x128.png 300w, https:\/\/www.myhomephone.fr\/wp-content\/uploads\/2025\/06\/Vide-1024x435.png 1024w, https:\/\/www.myhomephone.fr\/wp-content\/uploads\/2025\/06\/Vide-768x326.png 768w, https:\/\/www.myhomephone.fr\/wp-content\/uploads\/2025\/06\/Vide-1536x653.png 1536w, https:\/\/www.myhomephone.fr\/wp-content\/uploads\/2025\/06\/Vide-2048x870.png 2048w\" sizes=\"auto, (max-width: 2560px) 100vw, 2560px\" \/><\/figure>\n\n\n\n<div class=\"wp-block-group is-content-justification-center is-nowrap is-layout-flex wp-container-core-group-is-layout-23441af8 wp-block-group-is-layout-flex\">\n<figure class=\"wp-block-image size-full is-resized\"><a href=\"https:\/\/www.myhomephone.fr\/?page_id=263\"><img loading=\"lazy\" decoding=\"async\" width=\"350\" height=\"350\" src=\"https:\/\/www.myhomephone.fr\/wp-content\/uploads\/2024\/05\/category_171.jpg\" alt=\"\" class=\"wp-image-38\" style=\"aspect-ratio:1;object-fit:cover;width:160px;height:auto\" srcset=\"https:\/\/www.myhomephone.fr\/wp-content\/uploads\/2024\/05\/category_171.jpg 350w, https:\/\/www.myhomephone.fr\/wp-content\/uploads\/2024\/05\/category_171-300x300.jpg 300w, https:\/\/www.myhomephone.fr\/wp-content\/uploads\/2024\/05\/category_171-150x150.jpg 150w\" sizes=\"auto, (max-width: 350px) 100vw, 350px\" \/><\/a><\/figure>\n\n\n\n<figure class=\"wp-block-image size-full is-resized\"><img loading=\"lazy\" decoding=\"async\" width=\"2560\" height=\"1088\" src=\"https:\/\/www.myhomephone.fr\/wp-content\/uploads\/2025\/06\/Vide-scaled.png\" alt=\"\" class=\"wp-image-665\" style=\"width:160px\" srcset=\"https:\/\/www.myhomephone.fr\/wp-content\/uploads\/2025\/06\/Vide-scaled.png 2560w, https:\/\/www.myhomephone.fr\/wp-content\/uploads\/2025\/06\/Vide-300x128.png 300w, https:\/\/www.myhomephone.fr\/wp-content\/uploads\/2025\/06\/Vide-1024x435.png 1024w, https:\/\/www.myhomephone.fr\/wp-content\/uploads\/2025\/06\/Vide-768x326.png 768w, https:\/\/www.myhomephone.fr\/wp-content\/uploads\/2025\/06\/Vide-1536x653.png 1536w, https:\/\/www.myhomephone.fr\/wp-content\/uploads\/2025\/06\/Vide-2048x870.png 2048w\" sizes=\"auto, (max-width: 2560px) 100vw, 2560px\" \/><\/figure>\n\n\n\n<figure class=\"wp-block-image size-thumbnail is-resized\"><a href=\"https:\/\/www.myhomephone.fr\/?page_id=267\"><img loading=\"lazy\" decoding=\"async\" width=\"150\" height=\"150\" src=\"https:\/\/www.myhomephone.fr\/wp-content\/uploads\/2024\/05\/category_173-150x150.jpg\" alt=\"\" class=\"wp-image-51\" style=\"aspect-ratio:1;object-fit:cover;width:160px\" srcset=\"https:\/\/www.myhomephone.fr\/wp-content\/uploads\/2024\/05\/category_173-150x150.jpg 150w, https:\/\/www.myhomephone.fr\/wp-content\/uploads\/2024\/05\/category_173-300x300.jpg 300w, https:\/\/www.myhomephone.fr\/wp-content\/uploads\/2024\/05\/category_173.jpg 350w\" sizes=\"auto, (max-width: 150px) 100vw, 150px\" \/><\/a><\/figure>\n\n\n\n<figure class=\"wp-block-image size-full is-resized\"><img loading=\"lazy\" decoding=\"async\" width=\"2560\" height=\"1088\" src=\"https:\/\/www.myhomephone.fr\/wp-content\/uploads\/2025\/06\/Vide-scaled.png\" alt=\"\" class=\"wp-image-665\" style=\"width:160px\" srcset=\"https:\/\/www.myhomephone.fr\/wp-content\/uploads\/2025\/06\/Vide-scaled.png 2560w, https:\/\/www.myhomephone.fr\/wp-content\/uploads\/2025\/06\/Vide-300x128.png 300w, https:\/\/www.myhomephone.fr\/wp-content\/uploads\/2025\/06\/Vide-1024x435.png 1024w, https:\/\/www.myhomephone.fr\/wp-content\/uploads\/2025\/06\/Vide-768x326.png 768w, https:\/\/www.myhomephone.fr\/wp-content\/uploads\/2025\/06\/Vide-1536x653.png 1536w, https:\/\/www.myhomephone.fr\/wp-content\/uploads\/2025\/06\/Vide-2048x870.png 2048w\" sizes=\"auto, (max-width: 2560px) 100vw, 2560px\" \/><\/figure>\n\n\n\n<figure class=\"wp-block-image size-full is-resized\"><a href=\"https:\/\/www.myhomephone.fr\/?page_id=185\"><img loading=\"lazy\" decoding=\"async\" width=\"350\" height=\"350\" src=\"https:\/\/www.myhomephone.fr\/wp-content\/uploads\/2024\/05\/category_469.jpg\" alt=\"\" class=\"wp-image-43\" style=\"width:160px\" srcset=\"https:\/\/www.myhomephone.fr\/wp-content\/uploads\/2024\/05\/category_469.jpg 350w, https:\/\/www.myhomephone.fr\/wp-content\/uploads\/2024\/05\/category_469-300x300.jpg 300w, https:\/\/www.myhomephone.fr\/wp-content\/uploads\/2024\/05\/category_469-150x150.jpg 150w\" sizes=\"auto, (max-width: 350px) 100vw, 350px\" \/><\/a><\/figure>\n\n\n\n<figure class=\"wp-block-image size-full is-resized\"><img loading=\"lazy\" decoding=\"async\" width=\"2560\" height=\"1088\" src=\"https:\/\/www.myhomephone.fr\/wp-content\/uploads\/2025\/06\/Vide-scaled.png\" alt=\"\" class=\"wp-image-665\" style=\"width:160px\" srcset=\"https:\/\/www.myhomephone.fr\/wp-content\/uploads\/2025\/06\/Vide-scaled.png 2560w, https:\/\/www.myhomephone.fr\/wp-content\/uploads\/2025\/06\/Vide-300x128.png 300w, https:\/\/www.myhomephone.fr\/wp-content\/uploads\/2025\/06\/Vide-1024x435.png 1024w, https:\/\/www.myhomephone.fr\/wp-content\/uploads\/2025\/06\/Vide-768x326.png 768w, https:\/\/www.myhomephone.fr\/wp-content\/uploads\/2025\/06\/Vide-1536x653.png 1536w, https:\/\/www.myhomephone.fr\/wp-content\/uploads\/2025\/06\/Vide-2048x870.png 2048w\" sizes=\"auto, (max-width: 2560px) 100vw, 2560px\" \/><\/figure>\n\n\n\n<figure class=\"wp-block-image size-full is-resized\"><a href=\"https:\/\/www.myhomephone.fr\/?page_id=185\"><img loading=\"lazy\" decoding=\"async\" width=\"350\" height=\"350\" src=\"https:\/\/www.myhomephone.fr\/wp-content\/uploads\/2024\/05\/category_609.png\" alt=\"\" class=\"wp-image-49\" style=\"width:160px\" srcset=\"https:\/\/www.myhomephone.fr\/wp-content\/uploads\/2024\/05\/category_609.png 350w, https:\/\/www.myhomephone.fr\/wp-content\/uploads\/2024\/05\/category_609-300x300.png 300w, https:\/\/www.myhomephone.fr\/wp-content\/uploads\/2024\/05\/category_609-150x150.png 150w\" sizes=\"auto, (max-width: 350px) 100vw, 350px\" \/><\/a><\/figure>\n<\/div>\n\n\n\n<figure class=\"wp-block-image size-full is-resized\"><img loading=\"lazy\" decoding=\"async\" width=\"2560\" height=\"1088\" src=\"https:\/\/www.myhomephone.fr\/wp-content\/uploads\/2025\/06\/Vide-scaled.png\" alt=\"\" class=\"wp-image-665\" style=\"width:160px\" srcset=\"https:\/\/www.myhomephone.fr\/wp-content\/uploads\/2025\/06\/Vide-scaled.png 2560w, https:\/\/www.myhomephone.fr\/wp-content\/uploads\/2025\/06\/Vide-300x128.png 300w, https:\/\/www.myhomephone.fr\/wp-content\/uploads\/2025\/06\/Vide-1024x435.png 1024w, https:\/\/www.myhomephone.fr\/wp-content\/uploads\/2025\/06\/Vide-768x326.png 768w, https:\/\/www.myhomephone.fr\/wp-content\/uploads\/2025\/06\/Vide-1536x653.png 1536w, https:\/\/www.myhomephone.fr\/wp-content\/uploads\/2025\/06\/Vide-2048x870.png 2048w\" sizes=\"auto, (max-width: 2560px) 100vw, 2560px\" \/><\/figure>\n\n\n\n<div class=\"wp-block-group is-content-justification-center is-nowrap is-layout-flex wp-container-core-group-is-layout-23441af8 wp-block-group-is-layout-flex\">\n<figure class=\"wp-block-image size-thumbnail is-resized\"><a href=\"https:\/\/www.myhomephone.fr\/?page_id=185\"><img loading=\"lazy\" decoding=\"async\" width=\"150\" height=\"150\" src=\"https:\/\/www.myhomephone.fr\/wp-content\/uploads\/2024\/05\/Blackberry-150x150.png\" alt=\"\" class=\"wp-image-39\" style=\"aspect-ratio:1;object-fit:cover;width:160px\" srcset=\"https:\/\/www.myhomephone.fr\/wp-content\/uploads\/2024\/05\/Blackberry-150x150.png 150w, https:\/\/www.myhomephone.fr\/wp-content\/uploads\/2024\/05\/Blackberry-300x300.png 300w, https:\/\/www.myhomephone.fr\/wp-content\/uploads\/2024\/05\/Blackberry.png 350w\" sizes=\"auto, (max-width: 150px) 100vw, 150px\" \/><\/a><\/figure>\n\n\n\n<figure class=\"wp-block-image size-full is-resized\"><img loading=\"lazy\" decoding=\"async\" width=\"2560\" height=\"1088\" src=\"https:\/\/www.myhomephone.fr\/wp-content\/uploads\/2025\/06\/Vide-scaled.png\" alt=\"\" class=\"wp-image-665\" style=\"width:160px\" srcset=\"https:\/\/www.myhomephone.fr\/wp-content\/uploads\/2025\/06\/Vide-scaled.png 2560w, https:\/\/www.myhomephone.fr\/wp-content\/uploads\/2025\/06\/Vide-300x128.png 300w, https:\/\/www.myhomephone.fr\/wp-content\/uploads\/2025\/06\/Vide-1024x435.png 1024w, https:\/\/www.myhomephone.fr\/wp-content\/uploads\/2025\/06\/Vide-768x326.png 768w, https:\/\/www.myhomephone.fr\/wp-content\/uploads\/2025\/06\/Vide-1536x653.png 1536w, https:\/\/www.myhomephone.fr\/wp-content\/uploads\/2025\/06\/Vide-2048x870.png 2048w\" sizes=\"auto, (max-width: 2560px) 100vw, 2560px\" \/><\/figure>\n\n\n\n<figure class=\"wp-block-image size-full is-resized\"><a href=\"https:\/\/www.myhomephone.fr\/?page_id=185\"><img loading=\"lazy\" decoding=\"async\" width=\"350\" height=\"350\" src=\"https:\/\/www.myhomephone.fr\/wp-content\/uploads\/2024\/05\/HTC.png\" alt=\"\" class=\"wp-image-42\" style=\"width:160px\" srcset=\"https:\/\/www.myhomephone.fr\/wp-content\/uploads\/2024\/05\/HTC.png 350w, https:\/\/www.myhomephone.fr\/wp-content\/uploads\/2024\/05\/HTC-300x300.png 300w, https:\/\/www.myhomephone.fr\/wp-content\/uploads\/2024\/05\/HTC-150x150.png 150w\" sizes=\"auto, (max-width: 350px) 100vw, 350px\" \/><\/a><\/figure>\n\n\n\n<figure class=\"wp-block-image size-full is-resized\"><img loading=\"lazy\" decoding=\"async\" width=\"2560\" height=\"1088\" src=\"https:\/\/www.myhomephone.fr\/wp-content\/uploads\/2025\/06\/Vide-scaled.png\" alt=\"\" class=\"wp-image-665\" style=\"width:160px\" srcset=\"https:\/\/www.myhomephone.fr\/wp-content\/uploads\/2025\/06\/Vide-scaled.png 2560w, https:\/\/www.myhomephone.fr\/wp-content\/uploads\/2025\/06\/Vide-300x128.png 300w, https:\/\/www.myhomephone.fr\/wp-content\/uploads\/2025\/06\/Vide-1024x435.png 1024w, https:\/\/www.myhomephone.fr\/wp-content\/uploads\/2025\/06\/Vide-768x326.png 768w, https:\/\/www.myhomephone.fr\/wp-content\/uploads\/2025\/06\/Vide-1536x653.png 1536w, https:\/\/www.myhomephone.fr\/wp-content\/uploads\/2025\/06\/Vide-2048x870.png 2048w\" sizes=\"auto, (max-width: 2560px) 100vw, 2560px\" \/><\/figure>\n\n\n\n<figure class=\"wp-block-image size-full is-resized\"><a href=\"https:\/\/www.myhomephone.fr\/?page_id=185\"><img loading=\"lazy\" decoding=\"async\" width=\"350\" height=\"350\" src=\"https:\/\/www.myhomephone.fr\/wp-content\/uploads\/2024\/05\/category_172.jpg\" alt=\"\" class=\"wp-image-50\" style=\"width:160px\" srcset=\"https:\/\/www.myhomephone.fr\/wp-content\/uploads\/2024\/05\/category_172.jpg 350w, https:\/\/www.myhomephone.fr\/wp-content\/uploads\/2024\/05\/category_172-300x300.jpg 300w, https:\/\/www.myhomephone.fr\/wp-content\/uploads\/2024\/05\/category_172-150x150.jpg 150w\" sizes=\"auto, (max-width: 350px) 100vw, 350px\" \/><\/a><\/figure>\n\n\n\n<figure class=\"wp-block-image size-full is-resized\"><img loading=\"lazy\" decoding=\"async\" width=\"2560\" height=\"1088\" src=\"https:\/\/www.myhomephone.fr\/wp-content\/uploads\/2025\/06\/Vide-scaled.png\" alt=\"\" class=\"wp-image-665\" style=\"width:160px\" srcset=\"https:\/\/www.myhomephone.fr\/wp-content\/uploads\/2025\/06\/Vide-scaled.png 2560w, https:\/\/www.myhomephone.fr\/wp-content\/uploads\/2025\/06\/Vide-300x128.png 300w, https:\/\/www.myhomephone.fr\/wp-content\/uploads\/2025\/06\/Vide-1024x435.png 1024w, https:\/\/www.myhomephone.fr\/wp-content\/uploads\/2025\/06\/Vide-768x326.png 768w, https:\/\/www.myhomephone.fr\/wp-content\/uploads\/2025\/06\/Vide-1536x653.png 1536w, https:\/\/www.myhomephone.fr\/wp-content\/uploads\/2025\/06\/Vide-2048x870.png 2048w\" sizes=\"auto, (max-width: 2560px) 100vw, 2560px\" \/><\/figure>\n\n\n\n<figure class=\"wp-block-image size-full is-resized\"><a href=\"https:\/\/www.myhomephone.fr\/?page_id=185\"><img loading=\"lazy\" decoding=\"async\" width=\"350\" height=\"350\" src=\"https:\/\/www.myhomephone.fr\/wp-content\/uploads\/2024\/05\/CAT.png\" alt=\"\" class=\"wp-image-40\" style=\"width:160px\" srcset=\"https:\/\/www.myhomephone.fr\/wp-content\/uploads\/2024\/05\/CAT.png 350w, https:\/\/www.myhomephone.fr\/wp-content\/uploads\/2024\/05\/CAT-300x300.png 300w, https:\/\/www.myhomephone.fr\/wp-content\/uploads\/2024\/05\/CAT-150x150.png 150w\" sizes=\"auto, (max-width: 350px) 100vw, 350px\" \/><\/a><\/figure>\n<\/div>\n\n\n\n<figure class=\"wp-block-image size-full is-resized\"><img loading=\"lazy\" decoding=\"async\" width=\"2560\" height=\"1088\" src=\"https:\/\/www.myhomephone.fr\/wp-content\/uploads\/2025\/06\/Vide-scaled.png\" alt=\"\" class=\"wp-image-665\" style=\"width:160px\" srcset=\"https:\/\/www.myhomephone.fr\/wp-content\/uploads\/2025\/06\/Vide-scaled.png 2560w, https:\/\/www.myhomephone.fr\/wp-content\/uploads\/2025\/06\/Vide-300x128.png 300w, https:\/\/www.myhomephone.fr\/wp-content\/uploads\/2025\/06\/Vide-1024x435.png 1024w, https:\/\/www.myhomephone.fr\/wp-content\/uploads\/2025\/06\/Vide-768x326.png 768w, https:\/\/www.myhomephone.fr\/wp-content\/uploads\/2025\/06\/Vide-1536x653.png 1536w, https:\/\/www.myhomephone.fr\/wp-content\/uploads\/2025\/06\/Vide-2048x870.png 2048w\" sizes=\"auto, (max-width: 2560px) 100vw, 2560px\" \/><\/figure>\n\n\n\n<div class=\"wp-block-group is-content-justification-center is-nowrap is-layout-flex wp-container-core-group-is-layout-23441af8 wp-block-group-is-layout-flex\">\n<figure class=\"wp-block-image size-full is-resized\"><a href=\"https:\/\/www.myhomephone.fr\/?page_id=185\"><img loading=\"lazy\" decoding=\"async\" width=\"350\" height=\"350\" src=\"https:\/\/www.myhomephone.fr\/wp-content\/uploads\/2024\/05\/category_174.jpg\" alt=\"\" class=\"wp-image-52\" style=\"width:160px\" srcset=\"https:\/\/www.myhomephone.fr\/wp-content\/uploads\/2024\/05\/category_174.jpg 350w, https:\/\/www.myhomephone.fr\/wp-content\/uploads\/2024\/05\/category_174-300x300.jpg 300w, https:\/\/www.myhomephone.fr\/wp-content\/uploads\/2024\/05\/category_174-150x150.jpg 150w\" sizes=\"auto, (max-width: 350px) 100vw, 350px\" \/><\/a><\/figure>\n\n\n\n<figure class=\"wp-block-image size-full is-resized\"><img loading=\"lazy\" decoding=\"async\" width=\"2560\" height=\"1088\" src=\"https:\/\/www.myhomephone.fr\/wp-content\/uploads\/2025\/06\/Vide-scaled.png\" alt=\"\" class=\"wp-image-665\" style=\"width:160px\" srcset=\"https:\/\/www.myhomephone.fr\/wp-content\/uploads\/2025\/06\/Vide-scaled.png 2560w, https:\/\/www.myhomephone.fr\/wp-content\/uploads\/2025\/06\/Vide-300x128.png 300w, https:\/\/www.myhomephone.fr\/wp-content\/uploads\/2025\/06\/Vide-1024x435.png 1024w, https:\/\/www.myhomephone.fr\/wp-content\/uploads\/2025\/06\/Vide-768x326.png 768w, https:\/\/www.myhomephone.fr\/wp-content\/uploads\/2025\/06\/Vide-1536x653.png 1536w, https:\/\/www.myhomephone.fr\/wp-content\/uploads\/2025\/06\/Vide-2048x870.png 2048w\" sizes=\"auto, (max-width: 2560px) 100vw, 2560px\" \/><\/figure>\n\n\n\n<figure class=\"wp-block-image size-full is-resized\"><a href=\"https:\/\/www.myhomephone.fr\/?page_id=185\"><img loading=\"lazy\" decoding=\"async\" width=\"350\" height=\"350\" src=\"https:\/\/www.myhomephone.fr\/wp-content\/uploads\/2024\/05\/category_597.png\" alt=\"\" class=\"wp-image-45\" style=\"width:160px\" srcset=\"https:\/\/www.myhomephone.fr\/wp-content\/uploads\/2024\/05\/category_597.png 350w, https:\/\/www.myhomephone.fr\/wp-content\/uploads\/2024\/05\/category_597-300x300.png 300w, https:\/\/www.myhomephone.fr\/wp-content\/uploads\/2024\/05\/category_597-150x150.png 150w\" sizes=\"auto, (max-width: 350px) 100vw, 350px\" \/><\/a><\/figure>\n\n\n\n<figure class=\"wp-block-image size-full is-resized\"><img loading=\"lazy\" decoding=\"async\" width=\"2560\" height=\"1088\" src=\"https:\/\/www.myhomephone.fr\/wp-content\/uploads\/2025\/06\/Vide-scaled.png\" alt=\"\" class=\"wp-image-665\" style=\"width:160px\" srcset=\"https:\/\/www.myhomephone.fr\/wp-content\/uploads\/2025\/06\/Vide-scaled.png 2560w, https:\/\/www.myhomephone.fr\/wp-content\/uploads\/2025\/06\/Vide-300x128.png 300w, https:\/\/www.myhomephone.fr\/wp-content\/uploads\/2025\/06\/Vide-1024x435.png 1024w, https:\/\/www.myhomephone.fr\/wp-content\/uploads\/2025\/06\/Vide-768x326.png 768w, https:\/\/www.myhomephone.fr\/wp-content\/uploads\/2025\/06\/Vide-1536x653.png 1536w, https:\/\/www.myhomephone.fr\/wp-content\/uploads\/2025\/06\/Vide-2048x870.png 2048w\" sizes=\"auto, (max-width: 2560px) 100vw, 2560px\" \/><\/figure>\n\n\n\n<figure class=\"wp-block-image size-full is-resized\"><a href=\"https:\/\/www.myhomephone.fr\/?page_id=185\"><img loading=\"lazy\" decoding=\"async\" width=\"350\" height=\"350\" src=\"https:\/\/www.myhomephone.fr\/wp-content\/uploads\/2024\/05\/DORO.png\" alt=\"\" class=\"wp-image-41\" style=\"width:160px\" srcset=\"https:\/\/www.myhomephone.fr\/wp-content\/uploads\/2024\/05\/DORO.png 350w, https:\/\/www.myhomephone.fr\/wp-content\/uploads\/2024\/05\/DORO-300x300.png 300w, https:\/\/www.myhomephone.fr\/wp-content\/uploads\/2024\/05\/DORO-150x150.png 150w\" sizes=\"auto, (max-width: 350px) 100vw, 350px\" \/><\/a><\/figure>\n\n\n\n<figure class=\"wp-block-image size-full is-resized\"><img loading=\"lazy\" decoding=\"async\" width=\"2560\" height=\"1088\" src=\"https:\/\/www.myhomephone.fr\/wp-content\/uploads\/2025\/06\/Vide-scaled.png\" alt=\"\" class=\"wp-image-665\" style=\"width:160px\" srcset=\"https:\/\/www.myhomephone.fr\/wp-content\/uploads\/2025\/06\/Vide-scaled.png 2560w, https:\/\/www.myhomephone.fr\/wp-content\/uploads\/2025\/06\/Vide-300x128.png 300w, https:\/\/www.myhomephone.fr\/wp-content\/uploads\/2025\/06\/Vide-1024x435.png 1024w, https:\/\/www.myhomephone.fr\/wp-content\/uploads\/2025\/06\/Vide-768x326.png 768w, https:\/\/www.myhomephone.fr\/wp-content\/uploads\/2025\/06\/Vide-1536x653.png 1536w, https:\/\/www.myhomephone.fr\/wp-content\/uploads\/2025\/06\/Vide-2048x870.png 2048w\" sizes=\"auto, (max-width: 2560px) 100vw, 2560px\" \/><\/figure>\n\n\n\n<figure class=\"wp-block-image size-full is-resized\"><a href=\"https:\/\/www.myhomephone.fr\/?page_id=185\"><img loading=\"lazy\" decoding=\"async\" width=\"350\" height=\"350\" src=\"https:\/\/www.myhomephone.fr\/wp-content\/uploads\/2024\/05\/Lenovo.png\" alt=\"\" class=\"wp-image-44\" style=\"width:160px\" srcset=\"https:\/\/www.myhomephone.fr\/wp-content\/uploads\/2024\/05\/Lenovo.png 350w, https:\/\/www.myhomephone.fr\/wp-content\/uploads\/2024\/05\/Lenovo-300x300.png 300w, https:\/\/www.myhomephone.fr\/wp-content\/uploads\/2024\/05\/Lenovo-150x150.png 150w\" sizes=\"auto, (max-width: 350px) 100vw, 350px\" \/><\/a><\/figure>\n<\/div>\n\n\n\n<figure class=\"wp-block-image size-full is-resized\"><img loading=\"lazy\" decoding=\"async\" width=\"2560\" height=\"1088\" src=\"https:\/\/www.myhomephone.fr\/wp-content\/uploads\/2025\/06\/Vide-scaled.png\" alt=\"\" class=\"wp-image-665\" style=\"width:160px\" srcset=\"https:\/\/www.myhomephone.fr\/wp-content\/uploads\/2025\/06\/Vide-scaled.png 2560w, https:\/\/www.myhomephone.fr\/wp-content\/uploads\/2025\/06\/Vide-300x128.png 300w, https:\/\/www.myhomephone.fr\/wp-content\/uploads\/2025\/06\/Vide-1024x435.png 1024w, https:\/\/www.myhomephone.fr\/wp-content\/uploads\/2025\/06\/Vide-768x326.png 768w, https:\/\/www.myhomephone.fr\/wp-content\/uploads\/2025\/06\/Vide-1536x653.png 1536w, https:\/\/www.myhomephone.fr\/wp-content\/uploads\/2025\/06\/Vide-2048x870.png 2048w\" sizes=\"auto, (max-width: 2560px) 100vw, 2560px\" \/><\/figure>\n\n\n\n<figure class=\"wp-block-image aligncenter size-full is-resized\"><img loading=\"lazy\" decoding=\"async\" width=\"829\" height=\"418\" src=\"https:\/\/www.myhomephone.fr\/wp-content\/uploads\/2024\/05\/QualiRepar-Noir-RVB-e1680436081802.png\" alt=\"\" class=\"wp-image-444\" style=\"width:541px;height:auto\" srcset=\"https:\/\/www.myhomephone.fr\/wp-content\/uploads\/2024\/05\/QualiRepar-Noir-RVB-e1680436081802.png 829w, https:\/\/www.myhomephone.fr\/wp-content\/uploads\/2024\/05\/QualiRepar-Noir-RVB-e1680436081802-300x151.png 300w, https:\/\/www.myhomephone.fr\/wp-content\/uploads\/2024\/05\/QualiRepar-Noir-RVB-e1680436081802-768x387.png 768w\" sizes=\"auto, (max-width: 829px) 100vw, 829px\" \/><\/figure>\n","protected":false},"excerpt":{"rendered":"","protected":false},"author":1,"featured_media":0,"parent":0,"menu_order":0,"comment_status":"closed","ping_status":"closed","template":"","meta":{"footnotes":""},"class_list":["post-194","page","type-page","status-publish","hentry"],"_links":{"self":[{"href":"https:\/\/www.myhomephone.fr\/index.php?rest_route=\/wp\/v2\/pages\/194","targetHints":{"allow":["GET"]}}],"collection":[{"href":"https:\/\/www.myhomephone.fr\/index.php?rest_route=\/wp\/v2\/pages"}],"about":[{"href":"https:\/\/www.myhomephone.fr\/index.php?rest_route=\/wp\/v2\/types\/page"}],"author":[{"embeddable":true,"href":"https:\/\/www.myhomephone.fr\/index.php?rest_route=\/wp\/v2\/users\/1"}],"replies":[{"embeddable":true,"href":"https:\/\/www.myhomephone.fr\/index.php?rest_route=%2Fwp%2Fv2%2Fcomments&post=194"}],"version-history":[{"count":27,"href":"https:\/\/www.myhomephone.fr\/index.php?rest_route=\/wp\/v2\/pages\/194\/revisions"}],"predecessor-version":[{"id":811,"href":"https:\/\/www.myhomephone.fr\/index.php?rest_route=\/wp\/v2\/pages\/194\/revisions\/811"}],"wp:attachment":[{"href":"https:\/\/www.myhomephone.fr\/index.php?rest_route=%2Fwp%2Fv2%2Fmedia&parent=194"}],"curies":[{"name":"wp","href":"https:\/\/api.w.org\/{rel}","templated":true}]}}